{"id":9,"date":"2018-07-09T16:55:00","date_gmt":"2018-07-09T14:55:00","guid":{"rendered":"http:\/\/www.sandra-brandacher.at\/dev\/?page_id=9"},"modified":"2025-07-12T17:46:31","modified_gmt":"2025-07-12T15:46:31","slug":"ueber-mich","status":"publish","type":"page","link":"https:\/\/www.sandra-brandacher.at\/dev\/ueber-mich\/","title":{"rendered":"\u00dcber mich"},"content":{"rendered":"<p>Sandra Brandacher<br \/>\ngeboren 20.06.1978<\/p>\n<p>Gewerbliche Masseurin -Ganzheitliche Humanenergetikerin<\/p>\n<p>Holistic Pulsing Practioner &#8211; Schwingungsenergetikerin<\/p>\n<p>Seminarleitung: KlangImPuls Practioner<\/p>\n<p>Seit Mitte 2019 Referentin: Flowing Vibes f\u00fcr auserw\u00e4hlte Fachseminare<\/p>\n<p>Emmett Technique &#8211; Tutor f\u00fcr Tageskurse<\/p>\n<p>Verheiratet. 3 Kinder, 1 Sohn Michael<br \/>\n2 T\u00f6chter \u2013 Laura &amp; Valerie<\/p>\n<p>Mein Lieblingsspruch:<br \/>\nLEBEN \u2013 LIEBEN \u2013 LACHEN<\/p>\n<blockquote style=\"font-size: 1em; color: #8c131b;\">\n<p style=\"text-align: left;\">\u201eSch\u00f6n, dass Ihr den Weg zu mir gefunden habt !\u2019\u2019<\/p>\n<\/blockquote>\n<p><img loading=\"lazy\" decoding=\"async\" class=\"alignnone size-medium wp-image-711 aligncenter\" src=\"https:\/\/www.sandra-brandacher.at\/dev\/wp-content\/uploads\/2025\/07\/DSC06053-200x300.jpg\" alt=\"\" width=\"200\" height=\"300\" srcset=\"https:\/\/www.sandra-brandacher.at\/dev\/wp-content\/uploads\/2025\/07\/DSC06053-200x300.jpg 200w, https:\/\/www.sandra-brandacher.at\/dev\/wp-content\/uploads\/2025\/07\/DSC06053-683x1024.jpg 683w, https:\/\/www.sandra-brandacher.at\/dev\/wp-content\/uploads\/2025\/07\/DSC06053-768x1152.jpg 768w, https:\/\/www.sandra-brandacher.at\/dev\/wp-content\/uploads\/2025\/07\/DSC06053-1024x1536.jpg 1024w, https:\/\/www.sandra-brandacher.at\/dev\/wp-content\/uploads\/2025\/07\/DSC06053-1365x2048.jpg 1365w, https:\/\/www.sandra-brandacher.at\/dev\/wp-content\/uploads\/2025\/07\/DSC06053-scaled.jpg 1707w\" sizes=\"(max-width: 200px) 100vw, 200px\" \/><\/p>\n<p>Ich durfte \u00fcber viele Jahre in anderen Berufssparten t\u00e4tig sein und verschiedenste Erfahrungen sammeln. Vom Reiseb\u00fcro, Innendienst, einer Arztpraxis, unseres Landwirtschaftlichen Betriebes bis hin zur F\u00fchrung eines Gasthauses.<br \/>\nAlles hatte seine Berechtigung und diente zu meinem Lernprozess und zur Weiterentwicklung.<\/p>\n<p>2008 \u2013 Er\u00f6ffnete ich erstmals meine R\u00e4umlichkeit mit dem Namen<br \/>\nMassagefachinstitut Sandra Brandacher. Seitdem ist mein Massagegewerbe aufrecht.<\/p>\n<p>Es folgte eine lehrreiche Zeit. Viele Klienten fanden den Weg in meine Praxis, die mir die M\u00f6glichkeiten gaben, mich noch mehr weiterzuentwickeln und zu entfalten. Nicht stehenzubleiben, vorw\u00e4rts zu blicken, f\u00fcr jedes K\u00f6rpersymptom weitere Werkzeuge f\u00fcr mein K\u00f6fferchen zu packen, um auf k\u00f6rperlicher Ebene weiterhelfen zu d\u00fcrfen. Irgendwann kam die Erkenntnis, dass es nicht gen\u00fcgt nur das \u201eK\u00f6rpersymptom\u201c zu beachten und meine Reise setzte sich fort. Viele interessante Menschen durften in mein Leben kommen die mir den Einstieg in die Energetik erm\u00f6glichten.<\/p>\n<p>\u00dcber mehrere Jahre durfte ich mich selbst neu kennenlernen und mich mit mir selbst auseinandersetzen. F\u00fcr mich und mein \u201eTun\u201c selbst die Verantwortung zu \u00fcbernehmen, Entscheidungen zu treffen, an mir zu arbeiten, den Weg in Richtung \u201eheil werden\u201c zu gehen und meinem Herzensweg zu folgen. Es folgten weitere Jahre \u2013 mit vielen Prozessen.<br \/>\nDie Arbeit im Gasthaus nahm sehr viel Zeit in Anspruch und forderte mich auf allen Ebenen. Im Herzen sp\u00fcrte ich jedoch immer mehr wo meine Berufung liegt.<br \/>\nMeine Arbeit \u2013 Meine Massagen mit den neu erworbenen F\u00e4higkeiten in der Humanenergetik. Mein Wissen zum Thema Gesundheit &amp; Wohlbefinden weitergeben zu d\u00fcrfen, in Seminaren und Workshops.<\/p>\n<p>IN HARMONIE<br \/>\nIM \u201eRaum f\u00fcr Balance &amp; Wohlbefinden\u201c<br \/>\nfindet ALL DIES seinen Platz.<br \/>\nIch bin dankbar und gl\u00fccklich zugleich, mit meinem wunderbaren Beruf weiterarbeiten zu d\u00fcrfen.<\/p>\n<p>Dankbarkeit m\u00f6chte ich auch an alle jene wunderbaren Menschen aussprechen, die mich immer best\u00e4rkt, an mich geglaubt, mir die Sicherheit gegeben haben und mich stets auf meinem Weg unterst\u00fctzt haben. Dieses Gef\u00fchl von Sicherheit und Geborgenheit m\u00f6chte ich an all meinen Klienten weitergeben, die den Weg zu mir finden. Sehr gerne begleite Ich auch Dich ein St\u00fcck auf diesem Wege und es ist mir eine Freude dich kennenlernen zu d\u00fcrfen.<\/p>\n<blockquote style=\"font-size: 1em; color: #8c131b;\"><p>\u201eIch freue mich sehr auf Dich !\u2019\u2019<\/p><\/blockquote>\n<p>Von Herzen<br \/>\nSandra Brandacher<\/p>\n","protected":false},"excerpt":{"rendered":"<p>Sandra Brandacher geboren 20.06.1978 Gewerbliche Masseurin -Ganzheitliche Humanenergetikerin Holistic Pulsing Practioner &#8211; Schwingungsenergetikerin Seminarleitung: KlangImPuls Practioner Seit Mitte 2019 Referentin: Flowing Vibes f\u00fcr auserw\u00e4hlte Fachseminare Emmett Technique &#8211; Tutor f\u00fcr Tageskurse Verheiratet. 3 Kinder, 1 Sohn Michael 2 T\u00f6chter \u2013 Laura &amp; Valerie Mein Lieblingsspruch: LEBEN \u2013 LIEBEN \u2013 LACHEN \u201eSch\u00f6n, dass Ihr den Weg &hellip; <a href=\"https:\/\/www.sandra-brandacher.at\/dev\/ueber-mich\/\" class=\"more-link\"><span class=\"screen-reader-text\">\u00dcber mich<\/span> weiterlesen <span class=\"meta-nav\">&rarr;<\/span><\/a><\/p>\n","protected":false},"author":1,"featured_media":0,"parent":0,"menu_order":0,"comment_status":"closed","ping_status":"closed","template":"","meta":{"footnotes":""},"_links":{"self":[{"href":"https:\/\/www.sandra-brandacher.at\/dev\/wp-json\/wp\/v2\/pages\/9"}],"collection":[{"href":"https:\/\/www.sandra-brandacher.at\/dev\/wp-json\/wp\/v2\/pages"}],"about":[{"href":"https:\/\/www.sandra-brandacher.at\/dev\/wp-json\/wp\/v2\/types\/page"}],"author":[{"embeddable":true,"href":"https:\/\/www.sandra-brandacher.at\/dev\/wp-json\/wp\/v2\/users\/1"}],"replies":[{"embeddable":true,"href":"https:\/\/www.sandra-brandacher.at\/dev\/wp-json\/wp\/v2\/comments?post=9"}],"version-history":[{"count":38,"href":"https:\/\/www.sandra-brandacher.at\/dev\/wp-json\/wp\/v2\/pages\/9\/revisions"}],"predecessor-version":[{"id":712,"href":"https:\/\/www.sandra-brandacher.at\/dev\/wp-json\/wp\/v2\/pages\/9\/revisions\/712"}],"wp:attachment":[{"href":"https:\/\/www.sandra-brandacher.at\/dev\/wp-json\/wp\/v2\/media?parent=9"}],"curies":[{"name":"wp","href":"https:\/\/api.w.org\/{rel}","templated":true}]}}