{"id":43,"date":"2018-07-10T22:13:26","date_gmt":"2018-07-10T20:13:26","guid":{"rendered":"http:\/\/www.sandra-brandacher.at\/dev\/?page_id=43"},"modified":"2025-01-19T20:03:16","modified_gmt":"2025-01-19T19:03:16","slug":"seminare","status":"publish","type":"page","link":"https:\/\/www.sandra-brandacher.at\/dev\/seminare\/","title":{"rendered":"Seminare &#038; Workshops"},"content":{"rendered":"<div style=\"text-align: center;\"><span id=\"seminare-anmeldung\" style=\"color: #ffffff;\"><a class=\"no-ajaxy\" href=\"https:\/\/www.sandra-brandacher.at\/dev\/wp-content\/uploads\/2020\/04\/Anmeldeformular-Seminare.pdf\" target=\"_blank\" rel=\"noopener\"><button class=\"no-ajaxy\" type=\"button\"><strong style=\"color: #ffffff;\">Anmeldeformular f\u00fcr Seminare<\/strong><\/button><\/a><\/span><\/div>\n<h3>&#8220;Es ist mein Ziel und mein Wunsch,<br \/>\ndir das Gef\u00fchl zu geben,<br \/>\nmehr an Wissen, K\u00f6nnen und Nutzen erhalten zu haben, als die Seminargeb\u00fchr an Geldwert ausmacht&#8221;<\/h3>\n<h3><img loading=\"lazy\" decoding=\"async\" class=\"alignnone wp-image-238 size-large\" style=\"font-family: 'Source Sans Pro', Helvetica, sans-serif; font-size: 16px;\" src=\"https:\/\/www.sandra-brandacher.at\/dev\/wp-content\/uploads\/2018\/08\/Collage-\uf020In-Harmonie\uf020-1024x655.jpg\" alt=\"\" width=\"604\" height=\"386\" srcset=\"https:\/\/www.sandra-brandacher.at\/dev\/wp-content\/uploads\/2018\/08\/Collage-\uf020In-Harmonie\uf020-1024x655.jpg 1024w, https:\/\/www.sandra-brandacher.at\/dev\/wp-content\/uploads\/2018\/08\/Collage-\uf020In-Harmonie\uf020-300x192.jpg 300w, https:\/\/www.sandra-brandacher.at\/dev\/wp-content\/uploads\/2018\/08\/Collage-\uf020In-Harmonie\uf020-768x492.jpg 768w, https:\/\/www.sandra-brandacher.at\/dev\/wp-content\/uploads\/2018\/08\/Collage-\uf020In-Harmonie\uf020.jpg 2000w\" sizes=\"(max-width: 604px) 100vw, 604px\" \/><\/h3>\n<h5>AUSBILDUNG &#8211; KlangImPuls Practioner<br \/>\nHolistic Pulsing mit Phonophorese (Kl\u00e4nge und Frequenzen)<\/h5>\n<h5>Aus\u00fcbung &#8211; als Humanenergetiker<\/h5>\n<p><strong>KOMPLETTAUSBILDUNG &#8211; 3 MODULE und Pr\u00fcfung<\/strong><\/p>\n<p><strong>K\u00f6rper Basis Modul 1 &#8211; \u20ac 499 (4,5 Tage)<br \/>\n28.02.2025 &#8211; 14.00 &#8211; 18.00<br \/>\n01.03.2025 &#8211; 08:30 &#8211; 17:00<br \/>\n02.03.2025 &#8211; 08:30 &#8211; 17:00<br \/>\n14.03.2025 &#8211; 14:00 &#8211; 18:00<br \/>\n15.03.2025 &#8211; 08.30 &#8211; 12:30<br \/>\n16.03.2025 &#8211; 08:30 &#8211; 17:00<\/strong><\/p>\n<p><strong>ORGAN Modul 2 &#8211; \u20ac 499 ( 4 Tage)<br \/>\n<\/strong><\/p>\n<h6><strong>CHAKREN Modul 3<\/strong>&#8211; <strong>\u20ac 360 (2 Tage inkl. Pr\u00fcfungstag)<br \/>\nTermin folgt<\/strong><\/h6>\n<p>Theoretische \/ Praktische Pr\u00fcfung\/Terminvergabe &#8211; einzeln<\/p>\n<h5>TIPP\/ Empfehlenswert:<\/h5>\n<h5>Zusatzbuchung \/ Erg\u00e4nzung zum KlangImPuls Practioner<\/h5>\n<p>Energiebalance<br \/>\n( Wirbels\u00e4ulentestung &#8211; Meridiantestung &#8211; Ausleitungen von Giftstoffen, St\u00f6rzonen etc.)<\/p>\n<p>Ich freue mich sehr, Euch meine Herzensarbeit in Form einer Ausbildung<br \/>\nanbieten zu d\u00fcrfen. In Kleingruppen die Leichtigkeit des Seins erleben &#8211;<\/p>\n<p>Ich verf\u00fcge \u00fcber 10 Jahre Seminarerfahrung und Arbeit in meiner eigenen Praxis.<br \/>\nHolistic Pulsing ist eine ideale Methode f\u00fcr Einsteiger\/innen in die K\u00f6rperarbeit im energetischen Bereich. Sie ist sehr leicht erlernbar &amp; praktizierbar.<\/p>\n<p>Idealer Zusatz f\u00fcr Masseure, Energetiker, Hebammen, Therapeuten im sozialen Umfeld<br \/>\nInteressierte<\/p>\n<p>Holistic Pulsing ist eine Ganzheitliche Methode &#8211; die auf K\u00f6rper &#8211; Geist und Seele wirkt.<\/p>\n<h5>Phonophorese &#8211;<\/h5>\n<p>rundet Holistic Pulsing ab.<br \/>\nEnergetisches Harmonisieren von K\u00f6rper, Geist &amp; Seele mithilfe von kosmischen Kl\u00e4ngen und Frequenzen. Die sanfte und beschwingte Methode mit Stimmgabeln und Frequenzen, sendet passende Resonanzfrequenzen an den blockierten Bereich des K\u00f6rpers. Soi wird dem jeweiligen K\u00f6rperbereich geholfen, das stimmige Muster in sich selber wieder herzustellen und damit die Verstimmung zu mildern bzw. zu verbessern.<\/p>\n<p>Ich lege sehr viel Wert auf Praxis und Betreuung der einzelnen Seminarteilnehmer.<br \/>\nEs wird bei mir in Kleingruppen gearbeitet &#8211; und es findet daher ein intensiver Erfahrungsaustausch statt. Ich freue mich sehr auf Dich !<\/p>\n<p>Anmeldung ist ab sofort m\u00f6glich: 0043 676 91 222 99<br \/>\nF\u00fcr Interessenten des Kurses gibt es auch die M\u00f6glichkeit einer kurzen<br \/>\nSchnupperbehandlung.<\/p>\n<p>3<\/p>\n<p>Hinweis:<br \/>\nEs werden bei meinen Seminaren keine Heilversprechen \/ Diagnosen erstellt.<br \/>\nDer Besuch meiner Seminare ersetzt keinesfalls den Gang zum Arzt.<br \/>\nJeder Seminarteilnehmer handelt eigenverantwortlich,<br \/>\nBetrifft Kurse &#8211; Fortbildungen im Bereich Massage<br \/>\nSofern kein Abschluss im Gewerbe Massage vorliegt, berechtigt die Teilnahmebest\u00e4tigung\u00a0 nicht zur gewerblichen Aus\u00fcbung als &#8220;Masseur&#8221;.<\/p>\n<h3><\/h3>\n","protected":false},"excerpt":{"rendered":"<p>Anmeldeformular f\u00fcr Seminare &#8220;Es ist mein Ziel und mein Wunsch, dir das Gef\u00fchl zu geben, mehr an Wissen, K\u00f6nnen und Nutzen erhalten zu haben, als die Seminargeb\u00fchr an Geldwert ausmacht&#8221; AUSBILDUNG &#8211; KlangImPuls Practioner Holistic Pulsing mit Phonophorese (Kl\u00e4nge und Frequenzen) Aus\u00fcbung &#8211; als Humanenergetiker KOMPLETTAUSBILDUNG &#8211; 3 MODULE und Pr\u00fcfung K\u00f6rper Basis Modul 1 &hellip; <a href=\"https:\/\/www.sandra-brandacher.at\/dev\/seminare\/\" class=\"more-link\"><span class=\"screen-reader-text\">Seminare &#038; Workshops<\/span> weiterlesen <span class=\"meta-nav\">&rarr;<\/span><\/a><\/p>\n","protected":false},"author":1,"featured_media":0,"parent":0,"menu_order":0,"comment_status":"closed","ping_status":"closed","template":"","meta":{"footnotes":""},"_links":{"self":[{"href":"https:\/\/www.sandra-brandacher.at\/dev\/wp-json\/wp\/v2\/pages\/43"}],"collection":[{"href":"https:\/\/www.sandra-brandacher.at\/dev\/wp-json\/wp\/v2\/pages"}],"about":[{"href":"https:\/\/www.sandra-brandacher.at\/dev\/wp-json\/wp\/v2\/types\/page"}],"author":[{"embeddable":true,"href":"https:\/\/www.sandra-brandacher.at\/dev\/wp-json\/wp\/v2\/users\/1"}],"replies":[{"embeddable":true,"href":"https:\/\/www.sandra-brandacher.at\/dev\/wp-json\/wp\/v2\/comments?post=43"}],"version-history":[{"count":130,"href":"https:\/\/www.sandra-brandacher.at\/dev\/wp-json\/wp\/v2\/pages\/43\/revisions"}],"predecessor-version":[{"id":703,"href":"https:\/\/www.sandra-brandacher.at\/dev\/wp-json\/wp\/v2\/pages\/43\/revisions\/703"}],"wp:attachment":[{"href":"https:\/\/www.sandra-brandacher.at\/dev\/wp-json\/wp\/v2\/media?parent=43"}],"curies":[{"name":"wp","href":"https:\/\/api.w.org\/{rel}","templated":true}]}}