{"id":145,"date":"2018-08-08T13:02:32","date_gmt":"2018-08-08T11:02:32","guid":{"rendered":"http:\/\/www.sandra-brandacher.at\/dev\/?page_id=145"},"modified":"2024-04-06T12:37:26","modified_gmt":"2024-04-06T10:37:26","slug":"produkte","status":"publish","type":"page","link":"https:\/\/www.sandra-brandacher.at\/dev\/produkte\/","title":{"rendered":"Produkte"},"content":{"rendered":"<h3><img loading=\"lazy\" decoding=\"async\" class=\"alignnone size-medium wp-image-652\" src=\"https:\/\/www.sandra-brandacher.at\/dev\/wp-content\/uploads\/2023\/01\/DSC_0399-2-300x199.jpg\" alt=\"\" width=\"300\" height=\"199\" srcset=\"https:\/\/www.sandra-brandacher.at\/dev\/wp-content\/uploads\/2023\/01\/DSC_0399-2-300x199.jpg 300w, https:\/\/www.sandra-brandacher.at\/dev\/wp-content\/uploads\/2023\/01\/DSC_0399-2-768x509.jpg 768w, https:\/\/www.sandra-brandacher.at\/dev\/wp-content\/uploads\/2023\/01\/DSC_0399-2-1024x678.jpg 1024w\" sizes=\"(max-width: 300px) 100vw, 300px\" \/><\/h3>\n<h3>Kartenset<br \/>\n&#8220;Die Lichtvollen Wegbegleiter&#8221;<\/h3>\n<p>durften in der Schwingung der Liebe und Dankbarkeit entstehen.<br \/>\nM\u00f6ge dieses Kartenset eine Spur des Lichts hinterlassen, und Wandel, Friede und Freude<br \/>\nf\u00fcr das gesamte Kollektiv bringen.<\/p>\n<p>Wir w\u00fcnschen Euch viele sch\u00f6ne Momente<br \/>\nmit den Karten des &#8220;Neuen Bewusstseins&#8221;<\/p>\n<p>Daniela Gena&#8217;taa<br \/>\nSandra Norella<br \/>\nBianca Selina<\/p>\n<p>Das Kartenset ist k\u00e4uflich zu erwerben.<br \/>\nGerne versenden wir auch<br \/>\n\u20ac 68<\/p>\n<p><img loading=\"lazy\" decoding=\"async\" class=\"alignnone size-medium wp-image-654\" src=\"https:\/\/www.sandra-brandacher.at\/dev\/wp-content\/uploads\/2023\/01\/IMG_2219-e1674486755468-225x300.jpg\" alt=\"\" width=\"225\" height=\"300\" srcset=\"https:\/\/www.sandra-brandacher.at\/dev\/wp-content\/uploads\/2023\/01\/IMG_2219-e1674486755468-225x300.jpg 225w, https:\/\/www.sandra-brandacher.at\/dev\/wp-content\/uploads\/2023\/01\/IMG_2219-e1674486755468.jpg 480w\" sizes=\"(max-width: 225px) 100vw, 225px\" \/><\/p>\n<p>Das ist im Set enthalten:<\/p>\n<p>13 Planetenkarten<br \/>\neine Kopierkarte Erde<br \/>\nf\u00fcnf Elementekarten<br \/>\ndrei Zusatzkarten<br \/>\nein Booklet<br \/>\neine Speicherkarte mit Musik und Medidationen<\/p>\n<p><strong>Lichtvolle Produkte die mich und meine<\/strong><br \/>\n<strong>Arbeit in der Praxis unterst\u00fctzen<\/strong><\/p>\n<h3>Young Living \u00d6le<\/h3>\n<p>Die verschiedensten D\u00fcfte von Young Living unterst\u00fctzen mich und meine Arbeit. Sie wirken auf K\u00f6rper, Geist &amp; Seele. Alle Young Living \u00d6le \u00fcber mich erh\u00e4ltlich.<\/p>\n<p>Es finden auch regelm\u00e4\u00dfig Abende \u00fcber die Anwendungsm\u00f6glichkeiten zu bestimmten Themen von den hochwertigen, rein, \u00e4therischen \u00d6len statt.<br \/>\nYoung Living \u00d6LE \u2013 langj\u00e4hriger treue Begleiter bei allen meinen Massagen.<\/p>\n<p><img loading=\"lazy\" decoding=\"async\" class=\"alignnone wp-image-161 size-large\" src=\"https:\/\/www.sandra-brandacher.at\/dev\/wp-content\/uploads\/2018\/08\/DSC_6752-1024x684.jpg\" alt=\"\" width=\"604\" height=\"403\" srcset=\"https:\/\/www.sandra-brandacher.at\/dev\/wp-content\/uploads\/2018\/08\/DSC_6752-1024x684.jpg 1024w, https:\/\/www.sandra-brandacher.at\/dev\/wp-content\/uploads\/2018\/08\/DSC_6752-300x200.jpg 300w, https:\/\/www.sandra-brandacher.at\/dev\/wp-content\/uploads\/2018\/08\/DSC_6752-768x513.jpg 768w, https:\/\/www.sandra-brandacher.at\/dev\/wp-content\/uploads\/2018\/08\/DSC_6752.jpg 1920w\" sizes=\"(max-width: 604px) 100vw, 604px\" \/><\/p>\n<h3>Nuhrovia \u2013 Sonnenhellmittel<\/h3>\n<p>Sie lieben die Sonne ?<br \/>\nSonnenlicht weckt Zuversicht, Energie und Lebensfreude. Erfahren Sie mit Nuhrovia, wie Sie die Kraft der Sonne im Alltag am Besten n\u00fctzen k\u00f6nnen.<\/p>\n<p>In meiner Praxis arbeite ich mit:<\/p>\n<ul>\n<li>Mohnbl\u00fcten\u00f6l<\/li>\n<li>Florasole Bl\u00fctenessenzen<\/li>\n<li>Mineralsole<\/li>\n<\/ul>\n<p><img loading=\"lazy\" decoding=\"async\" class=\"alignnone wp-image-158 size-large\" src=\"https:\/\/www.sandra-brandacher.at\/dev\/wp-content\/uploads\/2018\/08\/DSC_6756-1024x684.jpg\" alt=\"\" width=\"604\" height=\"403\" srcset=\"https:\/\/www.sandra-brandacher.at\/dev\/wp-content\/uploads\/2018\/08\/DSC_6756-1024x684.jpg 1024w, https:\/\/www.sandra-brandacher.at\/dev\/wp-content\/uploads\/2018\/08\/DSC_6756-300x200.jpg 300w, https:\/\/www.sandra-brandacher.at\/dev\/wp-content\/uploads\/2018\/08\/DSC_6756-768x513.jpg 768w, https:\/\/www.sandra-brandacher.at\/dev\/wp-content\/uploads\/2018\/08\/DSC_6756.jpg 1920w\" sizes=\"(max-width: 604px) 100vw, 604px\" \/><\/p>\n<p>Alle Nuhrovia Produkte \u2013 \u00fcber Kundenkonto\/Online Shop erh\u00e4ltlich<br \/>\nIch berate und unterst\u00fctze Sie gerne zu den jeweiligen Produkten.<\/p>\n<p><a href=\"http:\/\/www.nuhrovia.com\">www.nuhrovia.com<\/a><\/p>\n","protected":false},"excerpt":{"rendered":"<p>Kartenset &#8220;Die Lichtvollen Wegbegleiter&#8221; durften in der Schwingung der Liebe und Dankbarkeit entstehen. M\u00f6ge dieses Kartenset eine Spur des Lichts hinterlassen, und Wandel, Friede und Freude f\u00fcr das gesamte Kollektiv bringen. Wir w\u00fcnschen Euch viele sch\u00f6ne Momente mit den Karten des &#8220;Neuen Bewusstseins&#8221; Daniela Gena&#8217;taa Sandra Norella Bianca Selina Das Kartenset ist k\u00e4uflich zu erwerben. &hellip; <a href=\"https:\/\/www.sandra-brandacher.at\/dev\/produkte\/\" class=\"more-link\"><span class=\"screen-reader-text\">Produkte<\/span> weiterlesen <span class=\"meta-nav\">&rarr;<\/span><\/a><\/p>\n","protected":false},"author":1,"featured_media":0,"parent":0,"menu_order":0,"comment_status":"closed","ping_status":"closed","template":"","meta":{"footnotes":""},"_links":{"self":[{"href":"https:\/\/www.sandra-brandacher.at\/dev\/wp-json\/wp\/v2\/pages\/145"}],"collection":[{"href":"https:\/\/www.sandra-brandacher.at\/dev\/wp-json\/wp\/v2\/pages"}],"about":[{"href":"https:\/\/www.sandra-brandacher.at\/dev\/wp-json\/wp\/v2\/types\/page"}],"author":[{"embeddable":true,"href":"https:\/\/www.sandra-brandacher.at\/dev\/wp-json\/wp\/v2\/users\/1"}],"replies":[{"embeddable":true,"href":"https:\/\/www.sandra-brandacher.at\/dev\/wp-json\/wp\/v2\/comments?post=145"}],"version-history":[{"count":20,"href":"https:\/\/www.sandra-brandacher.at\/dev\/wp-json\/wp\/v2\/pages\/145\/revisions"}],"predecessor-version":[{"id":678,"href":"https:\/\/www.sandra-brandacher.at\/dev\/wp-json\/wp\/v2\/pages\/145\/revisions\/678"}],"wp:attachment":[{"href":"https:\/\/www.sandra-brandacher.at\/dev\/wp-json\/wp\/v2\/media?parent=145"}],"curies":[{"name":"wp","href":"https:\/\/api.w.org\/{rel}","templated":true}]}}