{"id":115,"date":"2018-08-08T12:21:03","date_gmt":"2018-08-08T10:21:03","guid":{"rendered":"http:\/\/www.sandra-brandacher.at\/dev\/?page_id=115"},"modified":"2024-04-06T12:43:44","modified_gmt":"2024-04-06T10:43:44","slug":"mehr-wege-fuer-wohlbefinden","status":"publish","type":"page","link":"https:\/\/www.sandra-brandacher.at\/dev\/mehr-wege-fuer-wohlbefinden\/","title":{"rendered":"Energetik"},"content":{"rendered":"<h3>Methode K\u00f6rbler<\/h3>\n<p>Rund um Paket f\u00fcr K\u00f6rper \u2013 Geist &amp; Seele<\/p>\n<p>Sie ist ebenfalls f\u00fcr jede Altersstufe optimal geeignet, vom Baby bis zum Seniorenalter.<br \/>\nMittels Tensor oder Pendel wird der gesamte K\u00f6rper getestet. Die k\u00f6rpereigenen Energiefelder werden gest\u00e4rkt und in Einklang gebracht. Ideale Behandlungsmethode<br \/>\num den K\u00f6rper pr\u00e4ventiv gesund zu erhalten.<\/p>\n<p>Testung beinhaltet:<\/p>\n<p>Wirbels\u00e4ule<br \/>\nMeridiane<br \/>\nOrgane<br \/>\nSt\u00f6rfaktoren<br \/>\nBlockaden (zb Allergien, Nahrungsunvertr\u00e4glichkeiten etc.)<\/p>\n<p>Zu dieser wunderbaren Methode gibt es auch Seminare &#8211; hier bei mir<br \/>\nim Raum f\u00fcr Balance &amp; Wohlbefinden &#8211; Informiere Dich unter der Rubrik<br \/>\n<a href=\"https:\/\/www.sandra-brandacher.at\/dev\/seminare\/\">Seminare\/Workshops<\/a><\/p>\n<p><img loading=\"lazy\" decoding=\"async\" class=\"alignnone wp-image-233 size-large\" src=\"https:\/\/www.sandra-brandacher.at\/dev\/wp-content\/uploads\/2018\/08\/DSC_6724-684x1024.jpg\" alt=\"\" width=\"604\" height=\"904\" srcset=\"https:\/\/www.sandra-brandacher.at\/dev\/wp-content\/uploads\/2018\/08\/DSC_6724-684x1024.jpg 684w, https:\/\/www.sandra-brandacher.at\/dev\/wp-content\/uploads\/2018\/08\/DSC_6724-200x300.jpg 200w, https:\/\/www.sandra-brandacher.at\/dev\/wp-content\/uploads\/2018\/08\/DSC_6724-768x1150.jpg 768w\" sizes=\"(max-width: 604px) 100vw, 604px\" \/><\/p>\n<h3>Flowing Vibes &#8211;<\/h3>\n<h3>Ich bin ausgebildete Schwingungsenergetikerin<\/h3>\n<p>Sp\u00fcre die Leichtigkeit des Seins<\/p>\n<p>Mit Kl\u00e4ngen &amp; Frequenzen<\/p>\n<p>Flowing Vibes ist eine neue Form der Phonophorese, die mit Hilfe des Klangeis die Schwingungen von Erde, Mond, Sonne und der Planeten auf den K\u00f6rper \u00fcbertr\u00e4gt. Da diese Schwingungen unseren K\u00f6rperfrequenzen \u00e4hnlich und\/ oder gleich sind, kann man sie als Energie f\u00fcr K\u00f6rper, Geist und Seele einsetzen, um diese zu entspannen und um zur eignen Mitte zur\u00fcck finden. Die Schwingungen wirken \u00fcber Aura, Akupunktur, Meridian und Chakrenpunkte. Sie flie\u00dfen durch den K\u00f6rper \u00fcber die gegebenen Meridiane und helfen, die k\u00f6rpereigenen Selbstheilungs- und Regenerationskr\u00e4fte anzuregen.<\/p>\n<p>Mehr Informationen zu Flowing Vibes &#8211; Monika Kefer unter:<br \/>\n<a href=\"http:\/\/www.flowingvibes.com\">www.flowingvibes.com<\/a><\/p>\n<p><img loading=\"lazy\" decoding=\"async\" class=\"alignnone wp-image-90 size-large\" src=\"https:\/\/www.sandra-brandacher.at\/dev\/wp-content\/uploads\/2018\/08\/DSC_6720-1024x684.jpg\" alt=\"\" width=\"604\" height=\"403\" srcset=\"https:\/\/www.sandra-brandacher.at\/dev\/wp-content\/uploads\/2018\/08\/DSC_6720-1024x684.jpg 1024w, https:\/\/www.sandra-brandacher.at\/dev\/wp-content\/uploads\/2018\/08\/DSC_6720-300x200.jpg 300w, https:\/\/www.sandra-brandacher.at\/dev\/wp-content\/uploads\/2018\/08\/DSC_6720-768x513.jpg 768w, https:\/\/www.sandra-brandacher.at\/dev\/wp-content\/uploads\/2018\/08\/DSC_6720.jpg 1920w\" sizes=\"(max-width: 604px) 100vw, 604px\" \/><\/p>\n<h3>Alpha Synapsen Programmierung<\/h3>\n<p>nach Lissy G\u00f6tz<\/p>\n<p>Und am Ende steht die Freiheit &#8230;&#8230;.<\/p>\n<p>Mit Hilfe der Alpha Scheibe \u2013 k\u00f6nnen alte Verhaltens\/Denkmuster gel\u00f6scht und neu programmiert werden. Wie bei einem PC \u2013 alte Dateien, die man nicht mehr ben\u00f6tigt werden gel\u00f6scht und durch neue, aktuelle Dateien ersetzt.<\/p>\n<p>Zu dieser wunderbaren, einfach anwendbaren Methode<br \/>\ngibt es auch Seminare bei mir.<\/p>\n<p><img loading=\"lazy\" decoding=\"async\" class=\"alignnone wp-image-171 size-large\" src=\"https:\/\/www.sandra-brandacher.at\/dev\/wp-content\/uploads\/2018\/08\/DSC_6795-684x1024.jpg\" alt=\"\" width=\"604\" height=\"904\" srcset=\"https:\/\/www.sandra-brandacher.at\/dev\/wp-content\/uploads\/2018\/08\/DSC_6795-684x1024.jpg 684w, https:\/\/www.sandra-brandacher.at\/dev\/wp-content\/uploads\/2018\/08\/DSC_6795-200x300.jpg 200w, https:\/\/www.sandra-brandacher.at\/dev\/wp-content\/uploads\/2018\/08\/DSC_6795-768x1150.jpg 768w, https:\/\/www.sandra-brandacher.at\/dev\/wp-content\/uploads\/2018\/08\/DSC_6795.jpg 1282w\" sizes=\"(max-width: 604px) 100vw, 604px\" \/>&#8211;<\/p>\n<h3>Klangschalen<\/h3>\n<p>Kl\u00e4nge massieren K\u00f6rper, Geist und Seele. Es wird jede einzelne Zelle des K\u00f6rpers in Schwingung versetzt. Wunderbare Methode \u2013 seinen K\u00f6rper in Balance zu bringen.<\/p>\n<p>Die Klangschalen werden bei mir oft zu Beginn oder Abschluss einer Behandlung intuitiv eingesetzt.<\/p>\n<p><img loading=\"lazy\" decoding=\"async\" class=\"alignnone wp-image-173 size-large\" src=\"https:\/\/www.sandra-brandacher.at\/dev\/wp-content\/uploads\/2018\/08\/DSC_6794-1024x684.jpg\" alt=\"\" width=\"604\" height=\"403\" srcset=\"https:\/\/www.sandra-brandacher.at\/dev\/wp-content\/uploads\/2018\/08\/DSC_6794-1024x684.jpg 1024w, https:\/\/www.sandra-brandacher.at\/dev\/wp-content\/uploads\/2018\/08\/DSC_6794-300x200.jpg 300w, https:\/\/www.sandra-brandacher.at\/dev\/wp-content\/uploads\/2018\/08\/DSC_6794-768x513.jpg 768w, https:\/\/www.sandra-brandacher.at\/dev\/wp-content\/uploads\/2018\/08\/DSC_6794.jpg 1920w\" sizes=\"(max-width: 604px) 100vw, 604px\" \/><\/p>\n<p>Meine Anwendungen im Bereich Massage und Energetik dienen der pr\u00e4ventiven Gesundheitsvorsorge und stellen somit <strong>KEINE<\/strong> medizinischen Behandlungen dar und ersetzen <strong>KEINESFALLS<\/strong> den Besuch beim Arzt.<\/p>\n","protected":false},"excerpt":{"rendered":"<p>Methode K\u00f6rbler Rund um Paket f\u00fcr K\u00f6rper \u2013 Geist &amp; Seele Sie ist ebenfalls f\u00fcr jede Altersstufe optimal geeignet, vom Baby bis zum Seniorenalter. Mittels Tensor oder Pendel wird der gesamte K\u00f6rper getestet. Die k\u00f6rpereigenen Energiefelder werden gest\u00e4rkt und in Einklang gebracht. Ideale Behandlungsmethode um den K\u00f6rper pr\u00e4ventiv gesund zu erhalten. Testung beinhaltet: Wirbels\u00e4ule Meridiane &hellip; <a href=\"https:\/\/www.sandra-brandacher.at\/dev\/mehr-wege-fuer-wohlbefinden\/\" class=\"more-link\"><span class=\"screen-reader-text\">Energetik<\/span> weiterlesen <span class=\"meta-nav\">&rarr;<\/span><\/a><\/p>\n","protected":false},"author":1,"featured_media":0,"parent":0,"menu_order":0,"comment_status":"closed","ping_status":"closed","template":"","meta":{"footnotes":""},"_links":{"self":[{"href":"https:\/\/www.sandra-brandacher.at\/dev\/wp-json\/wp\/v2\/pages\/115"}],"collection":[{"href":"https:\/\/www.sandra-brandacher.at\/dev\/wp-json\/wp\/v2\/pages"}],"about":[{"href":"https:\/\/www.sandra-brandacher.at\/dev\/wp-json\/wp\/v2\/types\/page"}],"author":[{"embeddable":true,"href":"https:\/\/www.sandra-brandacher.at\/dev\/wp-json\/wp\/v2\/users\/1"}],"replies":[{"embeddable":true,"href":"https:\/\/www.sandra-brandacher.at\/dev\/wp-json\/wp\/v2\/comments?post=115"}],"version-history":[{"count":20,"href":"https:\/\/www.sandra-brandacher.at\/dev\/wp-json\/wp\/v2\/pages\/115\/revisions"}],"predecessor-version":[{"id":680,"href":"https:\/\/www.sandra-brandacher.at\/dev\/wp-json\/wp\/v2\/pages\/115\/revisions\/680"}],"wp:attachment":[{"href":"https:\/\/www.sandra-brandacher.at\/dev\/wp-json\/wp\/v2\/media?parent=115"}],"curies":[{"name":"wp","href":"https:\/\/api.w.org\/{rel}","templated":true}]}}