{"id":113,"date":"2018-08-08T12:20:48","date_gmt":"2018-08-08T10:20:48","guid":{"rendered":"http:\/\/www.sandra-brandacher.at\/dev\/?page_id=113"},"modified":"2025-07-12T18:53:43","modified_gmt":"2025-07-12T16:53:43","slug":"holistic-pulsing","status":"publish","type":"page","link":"https:\/\/www.sandra-brandacher.at\/dev\/holistic-pulsing\/","title":{"rendered":"KlangImPulse"},"content":{"rendered":"<p><img loading=\"lazy\" decoding=\"async\" class=\"alignnone size-medium wp-image-720\" src=\"https:\/\/www.sandra-brandacher.at\/dev\/wp-content\/uploads\/2025\/07\/DSC05768-200x300.jpg\" alt=\"\" width=\"200\" height=\"300\" srcset=\"https:\/\/www.sandra-brandacher.at\/dev\/wp-content\/uploads\/2025\/07\/DSC05768-200x300.jpg 200w, https:\/\/www.sandra-brandacher.at\/dev\/wp-content\/uploads\/2025\/07\/DSC05768-683x1024.jpg 683w, https:\/\/www.sandra-brandacher.at\/dev\/wp-content\/uploads\/2025\/07\/DSC05768-768x1152.jpg 768w, https:\/\/www.sandra-brandacher.at\/dev\/wp-content\/uploads\/2025\/07\/DSC05768-1024x1536.jpg 1024w, https:\/\/www.sandra-brandacher.at\/dev\/wp-content\/uploads\/2025\/07\/DSC05768-1365x2048.jpg 1365w, https:\/\/www.sandra-brandacher.at\/dev\/wp-content\/uploads\/2025\/07\/DSC05768-scaled.jpg 1707w\" sizes=\"(max-width: 200px) 100vw, 200px\" \/> <img loading=\"lazy\" decoding=\"async\" class=\"alignnone size-medium wp-image-722\" src=\"https:\/\/www.sandra-brandacher.at\/dev\/wp-content\/uploads\/2025\/07\/DSC05820-200x300.jpg\" alt=\"\" width=\"200\" height=\"300\" srcset=\"https:\/\/www.sandra-brandacher.at\/dev\/wp-content\/uploads\/2025\/07\/DSC05820-200x300.jpg 200w, https:\/\/www.sandra-brandacher.at\/dev\/wp-content\/uploads\/2025\/07\/DSC05820-683x1024.jpg 683w, https:\/\/www.sandra-brandacher.at\/dev\/wp-content\/uploads\/2025\/07\/DSC05820-768x1152.jpg 768w, https:\/\/www.sandra-brandacher.at\/dev\/wp-content\/uploads\/2025\/07\/DSC05820-1024x1536.jpg 1024w, https:\/\/www.sandra-brandacher.at\/dev\/wp-content\/uploads\/2025\/07\/DSC05820-1365x2048.jpg 1365w, https:\/\/www.sandra-brandacher.at\/dev\/wp-content\/uploads\/2025\/07\/DSC05820-scaled.jpg 1707w\" sizes=\"(max-width: 200px) 100vw, 200px\" \/><\/p>\n<p><strong>Schwingen in Harmonie<br \/>\nDie heilsame Kraft der Ber\u00fchrung\u00a0 &#8211; Meine Herzensarbeit<\/strong><\/p>\n<h6>Ausbildungsreihe KlangImPulse<br \/>\nEine so wunderbare Methode den K\u00f6rper in Balance zu bringen.<\/h6>\n<p>Holistic Pulsing ist eine GANZHEITLICHE METHODE die auf K\u00f6rper, Geist und Seele wirkt.<br \/>\nSie f\u00fchrt zu einer Tiefenentspannung, hilft Selbstheilungskr\u00e4fte des K\u00f6rpers anzuregen und Blockaden auf k\u00f6rperlicher und seelischer Art los zulassen.<\/p>\n<p>Durch sanfte, schwingende Bewegungen des K\u00f6rpers kommt der Klient in den Genuss einer sanften Behandlung. Die wiegenden, schaukelnden Bewegungen erinnern uns an die Zeit als Embryo im Mutterbauch, was wiederum unserem K\u00f6rper sofort das Gef\u00fchl der Geborgenheit und Sicherheit gibt.<\/p>\n<p>Sie ist f\u00fcr jede Altersstufe optimal geeignet \u2013 vom Baby bis zum Seniorenalter.<br \/>\nUnterst\u00fctzend in jeder Lebenslage.<\/p>\n<p><img loading=\"lazy\" decoding=\"async\" class=\"alignnone size-medium wp-image-718 aligncenter\" src=\"https:\/\/www.sandra-brandacher.at\/dev\/wp-content\/uploads\/2025\/07\/DSC05807-200x300.jpg\" alt=\"\" width=\"200\" height=\"300\" srcset=\"https:\/\/www.sandra-brandacher.at\/dev\/wp-content\/uploads\/2025\/07\/DSC05807-200x300.jpg 200w, https:\/\/www.sandra-brandacher.at\/dev\/wp-content\/uploads\/2025\/07\/DSC05807-683x1024.jpg 683w, https:\/\/www.sandra-brandacher.at\/dev\/wp-content\/uploads\/2025\/07\/DSC05807-768x1152.jpg 768w, https:\/\/www.sandra-brandacher.at\/dev\/wp-content\/uploads\/2025\/07\/DSC05807-1024x1536.jpg 1024w, https:\/\/www.sandra-brandacher.at\/dev\/wp-content\/uploads\/2025\/07\/DSC05807-1365x2048.jpg 1365w, https:\/\/www.sandra-brandacher.at\/dev\/wp-content\/uploads\/2025\/07\/DSC05807-scaled.jpg 1707w\" sizes=\"(max-width: 200px) 100vw, 200px\" \/><\/p>\n<h6>Phonophorese &#8211; rundet die Arbeit mit Holistic Pulsing ab.<\/h6>\n<p>Energetisches Harmonisieren von K\u00f6rper, Geist &amp; Seele mithilfe von kosmischen Kl\u00e4ngen<br \/>\nund Frequenzen. Die sanfte und beschwingte Methode mit Stimmgabeln und Frequenzen, sendet passende Resonanzfrequenzen an den blockierten Bereich des K\u00f6rpers. Somit wird dem jeweiligen K\u00f6rperbereich geholfen, das stimmige Muster in sich selber wieder herzustellen und damit die Verstimmung zu mildern bzw. zu verbessern.<\/p>\n<p>Behandlungen f\u00fcr:<\/p>\n<p>Erwachsene<br \/>\nSchwangere<br \/>\nJugendliche<br \/>\nKinder<br \/>\nMutter-Baby-Pulsing<\/p>\n<p><img loading=\"lazy\" decoding=\"async\" class=\"alignnone size-medium wp-image-713\" src=\"https:\/\/www.sandra-brandacher.at\/dev\/wp-content\/uploads\/2025\/07\/DSC05803-200x300.jpg\" alt=\"\" width=\"200\" height=\"300\" srcset=\"https:\/\/www.sandra-brandacher.at\/dev\/wp-content\/uploads\/2025\/07\/DSC05803-200x300.jpg 200w, https:\/\/www.sandra-brandacher.at\/dev\/wp-content\/uploads\/2025\/07\/DSC05803-683x1024.jpg 683w, https:\/\/www.sandra-brandacher.at\/dev\/wp-content\/uploads\/2025\/07\/DSC05803-768x1152.jpg 768w, https:\/\/www.sandra-brandacher.at\/dev\/wp-content\/uploads\/2025\/07\/DSC05803-1024x1536.jpg 1024w, https:\/\/www.sandra-brandacher.at\/dev\/wp-content\/uploads\/2025\/07\/DSC05803-1365x2048.jpg 1365w, https:\/\/www.sandra-brandacher.at\/dev\/wp-content\/uploads\/2025\/07\/DSC05803-scaled.jpg 1707w\" sizes=\"(max-width: 200px) 100vw, 200px\" \/><img loading=\"lazy\" decoding=\"async\" class=\"alignnone size-medium wp-image-709\" src=\"https:\/\/www.sandra-brandacher.at\/dev\/wp-content\/uploads\/2025\/07\/DSC05762-200x300.jpg\" alt=\"\" width=\"200\" height=\"300\" srcset=\"https:\/\/www.sandra-brandacher.at\/dev\/wp-content\/uploads\/2025\/07\/DSC05762-200x300.jpg 200w, https:\/\/www.sandra-brandacher.at\/dev\/wp-content\/uploads\/2025\/07\/DSC05762-683x1024.jpg 683w, https:\/\/www.sandra-brandacher.at\/dev\/wp-content\/uploads\/2025\/07\/DSC05762-768x1152.jpg 768w, https:\/\/www.sandra-brandacher.at\/dev\/wp-content\/uploads\/2025\/07\/DSC05762-1024x1536.jpg 1024w, https:\/\/www.sandra-brandacher.at\/dev\/wp-content\/uploads\/2025\/07\/DSC05762-1365x2048.jpg 1365w, https:\/\/www.sandra-brandacher.at\/dev\/wp-content\/uploads\/2025\/07\/DSC05762-scaled.jpg 1707w\" sizes=\"(max-width: 200px) 100vw, 200px\" \/><img loading=\"lazy\" decoding=\"async\" class=\"alignnone size-medium wp-image-711\" src=\"https:\/\/www.sandra-brandacher.at\/dev\/wp-content\/uploads\/2025\/07\/DSC06053-200x300.jpg\" alt=\"\" width=\"200\" height=\"300\" srcset=\"https:\/\/www.sandra-brandacher.at\/dev\/wp-content\/uploads\/2025\/07\/DSC06053-200x300.jpg 200w, https:\/\/www.sandra-brandacher.at\/dev\/wp-content\/uploads\/2025\/07\/DSC06053-683x1024.jpg 683w, https:\/\/www.sandra-brandacher.at\/dev\/wp-content\/uploads\/2025\/07\/DSC06053-768x1152.jpg 768w, https:\/\/www.sandra-brandacher.at\/dev\/wp-content\/uploads\/2025\/07\/DSC06053-1024x1536.jpg 1024w, https:\/\/www.sandra-brandacher.at\/dev\/wp-content\/uploads\/2025\/07\/DSC06053-1365x2048.jpg 1365w, https:\/\/www.sandra-brandacher.at\/dev\/wp-content\/uploads\/2025\/07\/DSC06053-scaled.jpg 1707w\" sizes=\"(max-width: 200px) 100vw, 200px\" \/><\/p>\n<div style=\"text-align: center;\"><span id=\"seminare-anmeldung\" style=\"color: #ffffff;\"><button class=\"no-ajaxy\" type=\"button\"><strong style=\"color: #ffffff;\">Artikel <\/strong><\/button><button class=\"no-ajaxy\" type=\"button\"><strong style=\"color: #ffffff;\">Holistic <\/strong><\/button><button class=\"no-ajaxy\" type=\"button\"><strong style=\"color: #ffffff;\">Pulsing<\/strong><\/button><\/span><\/div>\n<p>NEUE AUSBILDUNG &#8211; Du willst Dich weiterentwickeln, und das mit Leichtigkeit ?<\/p>\n<p>AB Oktober 2020 &#8211; KlangImPulse &#8211; Kombi Ausbildung<br \/>\nHolistic Pulsing mit Phonophorese<br \/>\nHier bei mir &#8211; Referentin: Sandra Brandacher<br \/>\n4 Module &#8211; Infos und Anmeldung ab sofort m\u00f6glich<br \/>\n0043 676 91 222 99<\/p>\n<p>Ich freue mich auf Deine Terminvereinbarung<br \/>\nSandra Brandacher &#8211; Dipl. Holistic Pulsing Anwenderin &amp; Schwingungsenergetikerin<\/p>\n","protected":false},"excerpt":{"rendered":"<p>Schwingen in Harmonie Die heilsame Kraft der Ber\u00fchrung\u00a0 &#8211; Meine Herzensarbeit Ausbildungsreihe KlangImPulse Eine so wunderbare Methode den K\u00f6rper in Balance zu bringen. Holistic Pulsing ist eine GANZHEITLICHE METHODE die auf K\u00f6rper, Geist und Seele wirkt. Sie f\u00fchrt zu einer Tiefenentspannung, hilft Selbstheilungskr\u00e4fte des K\u00f6rpers anzuregen und Blockaden auf k\u00f6rperlicher und seelischer Art los zulassen. &hellip; <a href=\"https:\/\/www.sandra-brandacher.at\/dev\/holistic-pulsing\/\" class=\"more-link\"><span class=\"screen-reader-text\">KlangImPulse<\/span> weiterlesen <span class=\"meta-nav\">&rarr;<\/span><\/a><\/p>\n","protected":false},"author":1,"featured_media":0,"parent":0,"menu_order":0,"comment_status":"closed","ping_status":"closed","template":"","meta":{"footnotes":""},"_links":{"self":[{"href":"https:\/\/www.sandra-brandacher.at\/dev\/wp-json\/wp\/v2\/pages\/113"}],"collection":[{"href":"https:\/\/www.sandra-brandacher.at\/dev\/wp-json\/wp\/v2\/pages"}],"about":[{"href":"https:\/\/www.sandra-brandacher.at\/dev\/wp-json\/wp\/v2\/types\/page"}],"author":[{"embeddable":true,"href":"https:\/\/www.sandra-brandacher.at\/dev\/wp-json\/wp\/v2\/users\/1"}],"replies":[{"embeddable":true,"href":"https:\/\/www.sandra-brandacher.at\/dev\/wp-json\/wp\/v2\/comments?post=113"}],"version-history":[{"count":54,"href":"https:\/\/www.sandra-brandacher.at\/dev\/wp-json\/wp\/v2\/pages\/113\/revisions"}],"predecessor-version":[{"id":737,"href":"https:\/\/www.sandra-brandacher.at\/dev\/wp-json\/wp\/v2\/pages\/113\/revisions\/737"}],"wp:attachment":[{"href":"https:\/\/www.sandra-brandacher.at\/dev\/wp-json\/wp\/v2\/media?parent=113"}],"curies":[{"name":"wp","href":"https:\/\/api.w.org\/{rel}","templated":true}]}}