{"id":103,"date":"2018-08-08T11:48:14","date_gmt":"2018-08-08T09:48:14","guid":{"rendered":"http:\/\/www.sandra-brandacher.at\/dev\/?page_id=103"},"modified":"2024-04-06T12:27:35","modified_gmt":"2024-04-06T10:27:35","slug":"impressum","status":"publish","type":"page","link":"https:\/\/www.sandra-brandacher.at\/dev\/impressum\/","title":{"rendered":"Impressum"},"content":{"rendered":"<h3>Kontakt:<\/h3>\n<p>Sandra Brandacher<br \/>\nHeimhausen 7<br \/>\n5241 Eggelsberg<\/p>\n<p>0676 \/ 91 222 99<br \/>\n<a href=\"mailto:sandra.brandacher@aon.at\">sandra.brandacher@aon.at<\/a><\/p>\n<h3>Entwickler:<\/h3>\n<p>Simon Pointner<br \/>\nVorgartenstra\u00dfe 129-143\/1\/17<br \/>\n1020 Wien<\/p>\n<p>0650 \/ 8720750<br \/>\n<a href=\"mailto:simon.pointner@gmx.at\">simon.pointner@gmx.at<\/a><\/p>\n<h3><strong>Haftungsausschluss:<\/strong><\/h3>\n<p><strong>Haftung f\u00fcr Inhalte<\/strong><\/p>\n<p>Die Inhalte meiner Seiten wurden mit gr\u00f6\u00dfer Sorgfalt erstellt. F\u00fcr die Richtigkeit, Vollst\u00e4ndigkeit und Aktualit\u00e4t der Inhalte kann ich jedoch keine Gew\u00e4hr \u00dcbernehmen. Als Diensteanbieter bin ich gem\u00e4\u00df \u00a7 7 Abs.1 TMG f\u00fcr eigene Inhalte auf diesen Seiten nach den allgemeinen Gesetzen verantwortlich. Nach \u00a7\u00a7 8 bis 10 TMG bin ich als Diensteanbieter jedoch nicht verpflichtet, \u00fcbermittelte oder gespeicherte fremde Informationen zu \u00fcberwachen oder nach Umst\u00e4nden zu forschen, die auf eine rechtswidrige T\u00e4tigkeit hinweisen. Verpflichtungen zur Entfernung oder Sperrung der Nutzung von Informationen nach den allgemeinen Gesetzen bleiben hiervon unber\u00fchrt. Eine diesbez\u00fcgliche Haftung ist jedoch erst ab dem Zeitpunkt der Kenntnis einer konkreten Rechtsverletzung m\u00f6glich. Bei Bekanntwerden von entsprechenden Rechtsverletzungen werde ich diese Inhalte umgehend entfernen.<\/p>\n<p><strong>Haftung f\u00fcr Links<\/strong><\/p>\n<p>Mein Angebot enth\u00e4lt Links zu externen Webseiten Dritter, auf deren Inhalte ich keinen Einfluss habe. Deshalb kann ich f\u00fcr diese fremden Inhalte auch keine Gew\u00e4hr \u00fcbernehmen. F\u00fcr die Inhalte der verlinkten Seiten ist stets der jeweilige Anbieter oder Betreiber der Seiten verantwortlich. Die verlinkten Seiten wurden zum Zeitpunkt der Verlinkung auf m\u00f6gliche Rechtsverst\u00f6\u00dfe \u00fcberpr\u00fcft. Rechtswidrige Inhalte waren zum Zeitpunkt der Verlinkung nicht erkennbar. Eine permanente inhaltliche Kontrolle der verlinkten Seiten ist jedoch ohne konkrete Anhaltspunkte einer Rechtsverletzung nicht zumutbar. Bei Bekanntwerden von Rechtsverletzungen werde ich derartige Links umgehend entfernen.<\/p>\n<p><strong>Urheberrecht<\/strong><\/p>\n<p>Die durch die Seitenbetreiber erstellten Inhalte und Werke auf diesen Seiten unterliegen dem \u00f6sterreichischen Urheberrecht. Die Vervielf\u00e4ltigung, Bearbeitung, Verbreitung und jede Art der Verwertung au\u00dferhalb der Grenzen des Urheberrechtes bed\u00fcrfen der schriftlichen Zustimmung des jeweiligen Autors bzw. Erstellers. Downloads und Kopien dieser Seite sind nur f\u00fcr den privaten, nicht kommerziellen Gebrauch gestattet. Soweit die Inhalte auf dieser Seite nicht vom Betreiber erstellt wurden, werden die Urheberrechte Dritter beachtet. Insbesondere werden Inhalte Dritter als solche gekennzeichnet. Sollten Sie trotzdem auf eine Urheberrechtsverletzung aufmerksam werden, bitten wir um einen entsprechenden Hinweis. Bei Bekanntwerden von Rechtsverletzungen werden wir derartige Inhalte umgehend entfernen.<\/p>\n<p><strong>Datenschutz<\/strong><\/p>\n<p>Die Nutzung meiner Webseite ist in der Regel ohne Angabe personenbezogener Daten m\u00f6glich. Soweit auf meiner Seite personenbezogene Daten (beispielsweise Name, Anschrift oder eMail-Adressen) erhoben werden, erfolgt dies, soweit m\u00f6glich, stets auf freiwilliger Basis. Diese Daten werden ohne Ihre ausdr\u00fcckliche Zustimmung nicht an Dritte weitergegeben.<\/p>\n<p>Ich weise darauf hin, dass die Daten\u00fcbertragung im Internet (z.B. bei der Kommunikation per E-Mail) Sicherheitsl\u00fccken aufweisen kann. Ein l\u00fcckenloser Schutz der Daten vor dem Zugriff durch Dritte ist nicht m\u00f6glich.<\/p>\n<p>Der Nutzung von im Rahmen der Impressumspflicht ver\u00f6ffentlichten Kontaktdaten durch Dritte zur \u00dcbersendung von nicht ausdr\u00fccklich angeforderter Werbung und Informationsmaterialien wird hiermit ausdr\u00fccklich widersprochen. Die Betreiber der Seiten behalten sich ausdr\u00fccklich rechtliche Schritte im Falle der unverlangten Zusendung von Werbeinformationen, etwa durch Spam-Mails, vor.<\/p>\n<p><strong>WP Statistics<\/strong><\/p>\n<p>Diese Webseite nutzt das WordPress Analyse Plugin WP Statistics. Anbieter dieses Plugins ist wp-statistics.com. Aus den Daten werden in anonymisierter Form einfache Statistiken erstellt. Dazu werden keine Nutzungsprofile erstellt und auch keine Cookies gesetzt. S\u00e4mtliche von WP Statistics erhobenen Daten werden vollst\u00e4ndig anonymisiert auf diesem Webserver gespeichert. Eine pers\u00f6nliche Identifizierung eines Besuchers ist somit, auch nachtr\u00e4glich, nicht m\u00f6glich.<\/p>\n<p><strong>Datenschutzerkl\u00e4rung Google Maps<\/strong><\/p>\n<p>Diese Webseite verwendet Google Maps von Google Inc. Durch Nutzung dieser Webseite erkl\u00e4ren Sie sich mit der Erfassung, Bearbeitung sowie Nutzung der automatisiert erhobenen Daten durch Google Inc, deren Vertreter sowie Dritter einverstanden. Die Nutzungsbedingungen von Google Maps finden sie unter\u00a0<a href=\"https:\/\/www.google.com\/intl\/de_de\/help\/terms_maps.html\" target=\"_blank\" rel=\"noopener\">Nutzungsbedingungen von Google Maps<\/a>.<\/p>\n","protected":false},"excerpt":{"rendered":"<p>Kontakt: Sandra Brandacher Heimhausen 7 5241 Eggelsberg 0676 \/ 91 222 99 sandra.brandacher@aon.at Entwickler: Simon Pointner Vorgartenstra\u00dfe 129-143\/1\/17 1020 Wien 0650 \/ 8720750 simon.pointner@gmx.at Haftungsausschluss: Haftung f\u00fcr Inhalte Die Inhalte meiner Seiten wurden mit gr\u00f6\u00dfer Sorgfalt erstellt. F\u00fcr die Richtigkeit, Vollst\u00e4ndigkeit und Aktualit\u00e4t der Inhalte kann ich jedoch keine Gew\u00e4hr \u00dcbernehmen. Als Diensteanbieter bin ich &hellip; <a href=\"https:\/\/www.sandra-brandacher.at\/dev\/impressum\/\" class=\"more-link\"><span class=\"screen-reader-text\">Impressum<\/span> weiterlesen <span class=\"meta-nav\">&rarr;<\/span><\/a><\/p>\n","protected":false},"author":1,"featured_media":0,"parent":0,"menu_order":0,"comment_status":"closed","ping_status":"closed","template":"","meta":{"footnotes":""},"_links":{"self":[{"href":"https:\/\/www.sandra-brandacher.at\/dev\/wp-json\/wp\/v2\/pages\/103"}],"collection":[{"href":"https:\/\/www.sandra-brandacher.at\/dev\/wp-json\/wp\/v2\/pages"}],"about":[{"href":"https:\/\/www.sandra-brandacher.at\/dev\/wp-json\/wp\/v2\/types\/page"}],"author":[{"embeddable":true,"href":"https:\/\/www.sandra-brandacher.at\/dev\/wp-json\/wp\/v2\/users\/1"}],"replies":[{"embeddable":true,"href":"https:\/\/www.sandra-brandacher.at\/dev\/wp-json\/wp\/v2\/comments?post=103"}],"version-history":[{"count":10,"href":"https:\/\/www.sandra-brandacher.at\/dev\/wp-json\/wp\/v2\/pages\/103\/revisions"}],"predecessor-version":[{"id":676,"href":"https:\/\/www.sandra-brandacher.at\/dev\/wp-json\/wp\/v2\/pages\/103\/revisions\/676"}],"wp:attachment":[{"href":"https:\/\/www.sandra-brandacher.at\/dev\/wp-json\/wp\/v2\/media?parent=103"}],"curies":[{"name":"wp","href":"https:\/\/api.w.org\/{rel}","templated":true}]}}